{"id":7,"date":"2022-06-16T04:21:19","date_gmt":"2022-06-16T04:21:19","guid":{"rendered":"http:\/\/quantranit.com\/?page_id=7"},"modified":"2022-06-16T04:21:19","modified_gmt":"2022-06-16T04:21:19","slug":"gioi-thieu","status":"publish","type":"page","link":"https:\/\/quantranit.myds.me\/?page_id=7","title":{"rendered":"Gi\u1edbi thi\u1ec7u v\u1ec1 k\u1ef9 s\u01b0 Tr\u1ea7n Kh\u1eafc Qu\u00e2n"},"content":{"rendered":"<h2>Xin ch\u00e0o!<\/h2>\n<p>&nbsp;<\/p>\n<p>M\u00ecnh l\u00e0 Tr\u1ea7n Kh\u1eafc Qu\u00e2n, m\u1ed9t c\u1ef1u sinh vi\u00ean c\u1ee7a Khoa \u0110i\u1ec7n t\u1eed th\u00f4ng tin Vi\u1ec7n \u0110\u1ea1i h\u1ecdc m\u1edf H\u00e0 N\u1ed9i. M\u00ecnh l\u1eadp n\u00ean website n\u00e0y mong mu\u1ed1n chia s\u1ebb nh\u1eefng ki\u1ebfn th\u1ee9c, kinh nghi\u1ec7m c\u1ee7a b\u1ea3n th\u00e2n trong l\u0129nh v\u1ef1c C\u00f4ng ngh\u1ec7 th\u00f4ng tin m\u1ed9t c\u00e1ch ho\u00e0n to\u00e0n mi\u1ec5n ph\u00ed.<\/p>\n<p>M\u00ecnh mong mu\u1ed1n t\u1ea1o ra m\u1ed9t trang th\u00f4ng tin h\u1eefu \u00edch, th\u00fa v\u1ecb v\u00e0 tr\u00ean h\u1ebft l\u00e0 mi\u1ec5n ph\u00ed gi\u00fap \u00edch cho c\u1ed9ng \u0111\u1ed3ng nh\u1eefng ng\u01b0\u1eddi y\u00eau th\u00edch ho\u1eb7c \u0111ang l\u00e0m vi\u1ec7c li\u00ean quan \u0111\u1ebfn l\u0129nh v\u1ef1c C\u00f4ng ngh\u1ec7 th\u00f4ng tin&#8230;<\/p>\n<p>&nbsp;<\/p>\n<h3>M\u00ecnh s\u1edf h\u1eefu:<\/h3>\n<p>+ B\u1eb1ng k\u1ef9 s\u01b0 c\u00f4ng ngh\u1ec7 k\u1ef9 thu\u1eadt \u0111i\u1ec7n t\u1eed, vi\u1ec5n th\u00f4ng (2018)<\/p>\n<p>+ Ch\u1ee9ng ch\u1ec9 ti\u1ebfng anh chuy\u00ean ng\u00e0nh Specialized in information technology (2017)<\/p>\n<p>+ Ch\u1ee9ng ch\u1ec9 chuy\u00ean gia m\u1ea1ng n\u1ed9i b\u1ed9 (CCNA) (2019, Renew in 2021)<\/p>\n<p>+ Ch\u1ee9ng ch\u1ec9 chuy\u00ean vi\u00ean b\u1ea3o m\u1eadt an ninh m\u1ea1ng (CISSP) (2021)<\/p>\n<p>+ Ch\u1ee9ng ch\u1ec9 chuy\u00ean gia Microsoft (MCP &amp; MCSA) (2021)<\/p>\n<p>+ Ch\u1ee9ng ch\u1ec9 k\u1ef9 s\u01b0 Peplink (PCE) (2017, Renew in 2022)<\/p>\n<p>+ Ch\u1ee9ng ch\u1ec9 h\u00e0nh ngh\u1ec1 Ch\u1ec9 huy tr\u01b0\u1edfng c\u00f4ng tr\u00ecnh (2021)<\/p>\n<p>+ Ch\u1ee9ng ch\u1ec9 Gi\u00e1m \u0111\u1ed1c qu\u1ea3n l\u00fd d\u1ef1 \u00e1n (2022)<\/p>\n<p>&nbsp;<\/p>\n<h3>C\u00f4ng vi\u1ec7c hi\u1ec7n t\u1ea1i c\u1ee7a Tr\u1ea7n Kh\u1eafc Qu\u00e2n:<\/h3>\n<p>+Tr\u01b0\u1edfng ph\u00f2ng gi\u1ea3i ph\u00e1p c\u00f4ng ty Tridung Software and Technology<\/p>\n<p>+ Qu\u1ea3n l\u00fd IT t\u1ea1i KTC Hanoi Co.,Ltd<\/p>\n<p>+ Chuy\u00ean vi\u00ean An ninh m\u1ea1ng t\u1ea1i H\u1ed9i \u0111\u1ed3ng B\u1ea3o an Li\u00ean H\u1ee3p Qu\u1ed1c<\/p>\n<p>+ Ng\u01b0\u1eddi qu\u1ea3n l\u00fd, s\u00e1ng t\u1ea1o n\u1ed9i dung c\u1ee7a k\u00eanh Youtube &#8220;<a href=\"https:\/\/www.youtube.com\/channel\/UCooj45_RH9g6yzqpbjVRCzA\">Na M\u00edt<\/a>&#8221;<\/p>\n<p>+ Qu\u1ea3n tr\u1ecb vi\u00ean Website &#8220;quantranit.com&#8221;<\/p>\n<p>+ Nh\u00e0 s\u00e1ng l\u1eadp, qu\u1ea3n l\u00fd Shop onlline &#8220;TriDung Store&#8221;<\/p>\n<p>+ Admin Fanpage Facebook &#8220;Na M\u00edt &#8211; Youtube Channel&#8221;<\/p>\n<p>&nbsp;<\/p>\n<h3>M\u1ed9t s\u1ed1 gi\u1ea3i th\u01b0\u1edfng c\u1ee7a Tr\u1ea7n Kh\u1eafc Qu\u00e2n:<\/h3>\n<p>+ Gi\u1ea3i ba cu\u1ed9c thi S\u00e1ng t\u1ea1o khoa h\u1ecdc c\u1ea5p THPT n\u0103m 2014<\/p>\n<p>+ Gi\u1ea3i Nh\u00ec cu\u1ed9c thi Sinh vi\u00ean nghi\u00ean c\u1ee9u khoa h\u1ecdc c\u1ea5p Vi\u1ec7n c\u1ee7a Vi\u1ec7n \u0111\u1ea1i h\u1ecdc M\u1edf H\u00e0 N\u1ed9i n\u0103m 2018<\/p>\n<p>+ Top 100 ng\u01b0\u1eddi tr\u1ebb tu\u1ed5i nh\u1ea5t \u0110\u00f4ng Nam \u00c1 \u0111\u1ea1t ch\u1ee9ng ch\u1ec9 CISSP qu\u1ed1c t\u1ebf 2021<\/p>\n<p>+ \u0110\u1ed3 \u00e1n \u0111\u1ea1t Top 20 \u0111\u1ed3 \u00e1n t\u1ed1t nghi\u1ec7p xu\u1ea5t s\u1eafc nh\u1ea5t Vi\u1ec7n \u0110\u1ea1i h\u1ecdc M\u1edf H\u00e0 N\u1ed9i n\u0103m 2018<\/p>\n<div class=\"CjVfdc\">+ Tr\u1edf th\u00e0nh kh\u00e1ch m\u1eddi c\u1ee7a nhi\u1ec1u ch\u01b0\u01a1ng tr\u00ecnh truy\u1ec1n h\u00ecnh nh\u01b0 &#8220;Ch\u00e0o bu\u1ed5i s\u00e1ng&#8221; v\u00e0 &#8221; T\u1eadp l\u00e0m nh\u00e0 ph\u00e1t minh&#8221; c\u1ee7a \u0111\u00e0i truy\u1ec1n h\u00ecnh VTC <a href=\"https:\/\/youtu.be\/by4kMgiza_g\">( Xem t\u1ea1i \u0111\u00e2y)<\/a><\/div>\n<div><\/div>\n<div><\/div>\n<div>M\u00ecnh r\u1ea5t mong mu\u1ed1n v\u00e0 h\u00e2n h\u1ea1nh n\u1ebfu \u0111\u01b0\u1ee3c \u0111\u1ed3ng h\u00e0nh c\u00f9ng c\u00e1c b\u1ea1n trong l\u0129nh v\u1ef1c CNTT c\u0169ng nh\u01b0 nh\u1eefng \u0111i\u1ec1u th\u00fa v\u1ecb trong cu\u1ed9c s\u1ed1ng. H\u00e3y l\u01b0u trang web n\u00e0y v\u00e0o ch\u1ec9 m\u1ee5c \u01b0a th\u00edch c\u1ee7a c\u00e1c b\u1ea1n v\u00ec n\u00f3 mi\u1ec5n ph\u00ed nh\u00e9!<\/div>\n<p>&nbsp;<\/p>\n<p><strong><em><a href=\"https:\/\/sites.google.com\/view\/quantranit\">Xem th\u00eam v\u1ec1 Tr\u1ea7n Kh\u1eafc Qu\u00e2n &gt;&gt;&gt;<\/a><\/em><\/strong><\/p>\n<p><a href=\"https:\/\/quantranit.com\/lien-he\/\"><em><strong>Li\u00ean h\u1ec7 t\u1edbi t\u00f4i &gt;&gt;<\/strong><\/em><\/a><\/p>\n","protected":false},"excerpt":{"rendered":"<p>Xin ch\u00e0o! &nbsp; M\u00ecnh l\u00e0 Tr\u1ea7n Kh\u1eafc Qu\u00e2n, m\u1ed9t c\u1ef1u sinh vi\u00ean c\u1ee7a Khoa \u0110i\u1ec7n t\u1eed th\u00f4ng tin Vi\u1ec7n \u0110\u1ea1i h\u1ecdc m\u1edf H\u00e0 N\u1ed9i. M\u00ecnh l\u1eadp n\u00ean website n\u00e0y mong mu\u1ed1n chia s\u1ebb nh\u1eefng ki\u1ebfn th\u1ee9c, kinh nghi\u1ec7m c\u1ee7a b\u1ea3n th\u00e2n trong l\u0129nh v\u1ef1c C\u00f4ng ngh\u1ec7 th\u00f4ng tin m\u1ed9t c\u00e1ch ho\u00e0n to\u00e0n mi\u1ec5n ph\u00ed. M\u00ecnh&#8230;<\/p>\n","protected":false},"author":2,"featured_media":221,"parent":0,"menu_order":0,"comment_status":"closed","ping_status":"closed","template":"templates\/about-us.php","meta":{"om_disable_all_campaigns":false,"_monsterinsights_skip_tracking":false,"_monsterinsights_sitenote_active":false,"_monsterinsights_sitenote_note":"","_monsterinsights_sitenote_category":0},"aioseo_notices":[],"_links":{"self":[{"href":"https:\/\/quantranit.myds.me\/index.php?rest_route=\/wp\/v2\/pages\/7"}],"collection":[{"href":"https:\/\/quantranit.myds.me\/index.php?rest_route=\/wp\/v2\/pages"}],"about":[{"href":"https:\/\/quantranit.myds.me\/index.php?rest_route=\/wp\/v2\/types\/page"}],"author":[{"embeddable":true,"href":"https:\/\/quantranit.myds.me\/index.php?rest_route=\/wp\/v2\/users\/2"}],"replies":[{"embeddable":true,"href":"https:\/\/quantranit.myds.me\/index.php?rest_route=%2Fwp%2Fv2%2Fcomments&post=7"}],"version-history":[{"count":0,"href":"https:\/\/quantranit.myds.me\/index.php?rest_route=\/wp\/v2\/pages\/7\/revisions"}],"wp:featuredmedia":[{"embeddable":true,"href":"https:\/\/quantranit.myds.me\/index.php?rest_route=\/wp\/v2\/media\/221"}],"wp:attachment":[{"href":"https:\/\/quantranit.myds.me\/index.php?rest_route=%2Fwp%2Fv2%2Fmedia&parent=7"}],"curies":[{"name":"wp","href":"https:\/\/api.w.org\/{rel}","templated":true}]}}